{"id":104,"date":"2022-07-28T16:49:32","date_gmt":"2022-07-28T14:49:32","guid":{"rendered":"http:\/\/antifrelonsguepes.fr\/?page_id=104"},"modified":"2022-08-04T09:39:35","modified_gmt":"2022-08-04T07:39:35","slug":"hymenopteres","status":"publish","type":"page","link":"https:\/\/antifrelonsguepes.fr\/index.php\/hymenopteres\/","title":{"rendered":"Hym\u00e9nopt\u00e8res"},"content":{"rendered":"\r\n<p style=\"text-align: left;\">Voici un petit comparatif pour vous aider \u00e0 faire la diff\u00e9rence entre nos amis hym\u00e9nopt\u00e8res !<\/p>\r\n\r\n\r\n\r\n<figure class=\"wp-block-image size-full is-style-default\"><img loading=\"lazy\" decoding=\"async\" width=\"683\" height=\"629\" class=\"wp-image-90 alignnone\" src=\"http:\/\/antifrelonsguepes.fr\/wp-content\/uploads\/2022\/07\/hyme.jpg\" alt=\"\" srcset=\"https:\/\/antifrelonsguepes.fr\/wp-content\/uploads\/2022\/07\/hyme.jpg 683w, https:\/\/antifrelonsguepes.fr\/wp-content\/uploads\/2022\/07\/hyme-300x276.jpg 300w\" sizes=\"auto, (max-width: 683px) 100vw, 683px\" \/><\/figure>\r\n","protected":false},"excerpt":{"rendered":"<p>Voici un petit comparatif pour vous aider \u00e0 faire la diff\u00e9rence entre nos amis hym\u00e9nopt\u00e8res !<\/p>\n","protected":false},"author":1,"featured_media":0,"parent":0,"menu_order":0,"comment_status":"closed","ping_status":"closed","template":"","meta":{"footnotes":""},"class_list":["post-104","page","type-page","status-publish","hentry"],"jetpack_sharing_enabled":true,"_links":{"self":[{"href":"https:\/\/antifrelonsguepes.fr\/index.php\/wp-json\/wp\/v2\/pages\/104","targetHints":{"allow":["GET"]}}],"collection":[{"href":"https:\/\/antifrelonsguepes.fr\/index.php\/wp-json\/wp\/v2\/pages"}],"about":[{"href":"https:\/\/antifrelonsguepes.fr\/index.php\/wp-json\/wp\/v2\/types\/page"}],"author":[{"embeddable":true,"href":"https:\/\/antifrelonsguepes.fr\/index.php\/wp-json\/wp\/v2\/users\/1"}],"replies":[{"embeddable":true,"href":"https:\/\/antifrelonsguepes.fr\/index.php\/wp-json\/wp\/v2\/comments?post=104"}],"version-history":[{"count":5,"href":"https:\/\/antifrelonsguepes.fr\/index.php\/wp-json\/wp\/v2\/pages\/104\/revisions"}],"predecessor-version":[{"id":128,"href":"https:\/\/antifrelonsguepes.fr\/index.php\/wp-json\/wp\/v2\/pages\/104\/revisions\/128"}],"wp:attachment":[{"href":"https:\/\/antifrelonsguepes.fr\/index.php\/wp-json\/wp\/v2\/media?parent=104"}],"curies":[{"name":"wp","href":"https:\/\/api.w.org\/{rel}","templated":true}]}}