{"id":34,"date":"2022-07-26T13:26:31","date_gmt":"2022-07-26T11:26:31","guid":{"rendered":"http:\/\/antifrelonsguepes.fr\/?page_id=34"},"modified":"2025-03-27T13:37:41","modified_gmt":"2025-03-27T12:37:41","slug":"bienvenue-chez-a-f-g","status":"publish","type":"page","link":"https:\/\/antifrelonsguepes.fr\/","title":{"rendered":"Bienvenue chez A.F.G"},"content":{"rendered":"\r\n<p>Votre sp\u00e9cialiste dans la lutte contre les frelons europ\u00e9ens, asiatiques et les gu\u00eapes.<\/p>\r\n\r\n\r\n\r\n<p>Intervention rapide et garantie en Seine-Et-Marne et dans les r\u00e9gions limitrophes.<\/p>\r\n\r\n\r\n\r\n<p>N&rsquo;h\u00e9sitez pas \u00e0 me contacter pour prendre rendez-vous !<\/p>\r\n\r\n\r\n\r\n<figure class=\"wp-block-image size-large\"><img loading=\"lazy\" decoding=\"async\" class=\"aligncenter wp-image-154 size-large\" src=\"http:\/\/antifrelonsguepes.fr\/wp-content\/uploads\/2025\/03\/Aimant-1024x724.png\" alt=\"\" width=\"1024\" height=\"724\" srcset=\"https:\/\/antifrelonsguepes.fr\/wp-content\/uploads\/2025\/03\/Aimant-1024x724.png 1024w, https:\/\/antifrelonsguepes.fr\/wp-content\/uploads\/2025\/03\/Aimant-300x212.png 300w, https:\/\/antifrelonsguepes.fr\/wp-content\/uploads\/2025\/03\/Aimant-768x543.png 768w, https:\/\/antifrelonsguepes.fr\/wp-content\/uploads\/2025\/03\/Aimant-1536x1086.png 1536w, https:\/\/antifrelonsguepes.fr\/wp-content\/uploads\/2025\/03\/Aimant.png 2000w\" sizes=\"auto, (max-width: 1024px) 100vw, 1024px\" \/><\/figure>\r\n","protected":false},"excerpt":{"rendered":"<p>Votre sp\u00e9cialiste dans la lutte contre les frelons europ\u00e9ens, asiatiques et les gu\u00eapes. Intervention rapide et garantie en Seine-Et-Marne et dans les r\u00e9gions limitrophes. N&rsquo;h\u00e9sitez pas \u00e0 me contacter pour prendre rendez-vous !<\/p>\n","protected":false},"author":1,"featured_media":0,"parent":0,"menu_order":0,"comment_status":"closed","ping_status":"closed","template":"","meta":{"footnotes":""},"class_list":["post-34","page","type-page","status-publish","hentry"],"jetpack_sharing_enabled":true,"_links":{"self":[{"href":"https:\/\/antifrelonsguepes.fr\/index.php\/wp-json\/wp\/v2\/pages\/34","targetHints":{"allow":["GET"]}}],"collection":[{"href":"https:\/\/antifrelonsguepes.fr\/index.php\/wp-json\/wp\/v2\/pages"}],"about":[{"href":"https:\/\/antifrelonsguepes.fr\/index.php\/wp-json\/wp\/v2\/types\/page"}],"author":[{"embeddable":true,"href":"https:\/\/antifrelonsguepes.fr\/index.php\/wp-json\/wp\/v2\/users\/1"}],"replies":[{"embeddable":true,"href":"https:\/\/antifrelonsguepes.fr\/index.php\/wp-json\/wp\/v2\/comments?post=34"}],"version-history":[{"count":8,"href":"https:\/\/antifrelonsguepes.fr\/index.php\/wp-json\/wp\/v2\/pages\/34\/revisions"}],"predecessor-version":[{"id":157,"href":"https:\/\/antifrelonsguepes.fr\/index.php\/wp-json\/wp\/v2\/pages\/34\/revisions\/157"}],"wp:attachment":[{"href":"https:\/\/antifrelonsguepes.fr\/index.php\/wp-json\/wp\/v2\/media?parent=34"}],"curies":[{"name":"wp","href":"https:\/\/api.w.org\/{rel}","templated":true}]}}