{"id":57,"date":"2022-07-26T13:52:56","date_gmt":"2022-07-26T11:52:56","guid":{"rendered":"http:\/\/antifrelonsguepes.fr\/?page_id=57"},"modified":"2025-08-03T23:31:06","modified_gmt":"2025-08-03T21:31:06","slug":"informations","status":"publish","type":"page","link":"https:\/\/antifrelonsguepes.fr\/index.php\/informations\/","title":{"rendered":"Informations"},"content":{"rendered":"<p>Notre entreprise est situ\u00e9e \u00e0 Villeneuve Sur Bellot (Seine-Et-Marne) et nous nous d\u00e9pla\u00e7ons dans toute la r\u00e9gion, y compris dans les d\u00e9partements limitrophes.<\/p>\n<p>Ouvert du lundi au dimanche en saison de 6h \u00e0 22h30.<\/p>\n<p>Nous acceptons tous types de paiements : cartes bleues, ch\u00e8ques, esp\u00e8ces<\/p>\n<p>A.F.G &#8211; Anti Frelons Gu\u00eapes, titulaire du Certibiocide N093789, est agr\u00e9ment\u00e9 et certifi\u00e9 pour intervenir chez les particuliers et en collectivit\u00e9s.<\/p>\n<p><img loading=\"lazy\" decoding=\"async\" class=\"alignnone size-full wp-image-113\" src=\"http:\/\/antifrelonsguepes.fr\/wp-content\/uploads\/2022\/07\/zone.jpg\" alt=\"\" width=\"807\" height=\"790\" srcset=\"https:\/\/antifrelonsguepes.fr\/wp-content\/uploads\/2022\/07\/zone.jpg 807w, https:\/\/antifrelonsguepes.fr\/wp-content\/uploads\/2022\/07\/zone-300x294.jpg 300w, https:\/\/antifrelonsguepes.fr\/wp-content\/uploads\/2022\/07\/zone-768x752.jpg 768w\" sizes=\"auto, (max-width: 807px) 100vw, 807px\" \/><\/p>\n<p>&nbsp;<\/p>\n","protected":false},"excerpt":{"rendered":"<p>Notre entreprise est situ\u00e9e \u00e0 Villeneuve Sur Bellot (Seine-Et-Marne) et nous nous d\u00e9pla\u00e7ons dans toute la r\u00e9gion, y compris dans les d\u00e9partements limitrophes. Ouvert du lundi au dimanche en saison de 6h \u00e0 22h30. Nous acceptons tous types de paiements : cartes bleues, ch\u00e8ques, esp\u00e8ces A.F.G &#8211; Anti Frelons Gu\u00eapes, titulaire du Certibiocide N093789, est [&hellip;]<\/p>\n","protected":false},"author":1,"featured_media":0,"parent":0,"menu_order":0,"comment_status":"closed","ping_status":"closed","template":"","meta":{"footnotes":""},"class_list":["post-57","page","type-page","status-publish","hentry"],"jetpack_sharing_enabled":true,"_links":{"self":[{"href":"https:\/\/antifrelonsguepes.fr\/index.php\/wp-json\/wp\/v2\/pages\/57","targetHints":{"allow":["GET"]}}],"collection":[{"href":"https:\/\/antifrelonsguepes.fr\/index.php\/wp-json\/wp\/v2\/pages"}],"about":[{"href":"https:\/\/antifrelonsguepes.fr\/index.php\/wp-json\/wp\/v2\/types\/page"}],"author":[{"embeddable":true,"href":"https:\/\/antifrelonsguepes.fr\/index.php\/wp-json\/wp\/v2\/users\/1"}],"replies":[{"embeddable":true,"href":"https:\/\/antifrelonsguepes.fr\/index.php\/wp-json\/wp\/v2\/comments?post=57"}],"version-history":[{"count":14,"href":"https:\/\/antifrelonsguepes.fr\/index.php\/wp-json\/wp\/v2\/pages\/57\/revisions"}],"predecessor-version":[{"id":159,"href":"https:\/\/antifrelonsguepes.fr\/index.php\/wp-json\/wp\/v2\/pages\/57\/revisions\/159"}],"wp:attachment":[{"href":"https:\/\/antifrelonsguepes.fr\/index.php\/wp-json\/wp\/v2\/media?parent=57"}],"curies":[{"name":"wp","href":"https:\/\/api.w.org\/{rel}","templated":true}]}}